{"id":9669,"date":"2024-08-09T13:59:24","date_gmt":"2024-08-09T11:59:24","guid":{"rendered":"https:\/\/unave.es\/politique-de-confidentialite\/"},"modified":"2026-01-22T09:03:02","modified_gmt":"2026-01-22T08:03:02","slug":"politique-de-confidentialite","status":"publish","type":"page","link":"https:\/\/unave.es\/fr\/politique-de-confidentialite\/","title":{"rendered":"Politique de confidentialit\u00e9"},"content":{"rendered":"<div class=\"wpb-content-wrapper\"><p>[vc_row][vc_column][vc_column_text css=\u00a0\u00bb\u00a0\u00bb]<\/p>\r\n<h2 style=\"text-align: center;\">POLITIQUE DE CONFIDENTIALIT\u00c9<\/h2>\r\n<p data-start=\"5682\" data-end=\"6296\">Conform\u00e9ment au R\u00e8glement (UE) 2016\/679 du Parlement europ\u00e9en et du Conseil du 27 avril 2016 relatif \u00e0 la protection des personnes physiques \u00e0 l\u2019\u00e9gard du traitement des donn\u00e9es \u00e0 caract\u00e8re personnel et abrogeant la directive 95\/46\/CE (ci-apr\u00e8s \u00ab RGPD \u00bb), \u00e0 la loi 34\/2002 du 11 juillet relative aux services de la soci\u00e9t\u00e9 de l\u2019information et au commerce \u00e9lectronique (LSSI-CE), ainsi qu\u2019\u00e0 la loi organique 3\/2018 relative \u00e0 la protection des donn\u00e9es personnelles et \u00e0 la garantie des droits num\u00e9riques (LOPDGDD), Unave garantit la protection et la confidentialit\u00e9 des donn\u00e9es personnelles fournies par ses clients.<\/p>\r\n<p data-start=\"6298\" data-end=\"6677\">Les donn\u00e9es seront trait\u00e9es conform\u00e9ment au RGPD. \u00c0 cet effet, Unave a mis en place les niveaux de s\u00e9curit\u00e9 l\u00e9galement requis et toutes les mesures techniques n\u00e9cessaires pour \u00e9viter la perte, l\u2019utilisation abusive, l\u2019alt\u00e9ration ou l\u2019acc\u00e8s non autoris\u00e9 par des tiers. Toutefois, l\u2019utilisateur doit \u00eatre conscient que les mesures de s\u00e9curit\u00e9 sur Internet ne sont pas infaillibles.<\/p>\r\n<hr data-start=\"6679\" data-end=\"6682\" \/>\r\n<h3 data-start=\"6684\" data-end=\"6713\">Responsable du traitement<\/h3>\r\n<p data-start=\"6715\" data-end=\"7027\"><strong data-start=\"6715\" data-end=\"6735\">Nom de domaine :<\/strong> <a class=\"decorated-link\" href=\"http:\/\/www.unave.es\" target=\"_new\" rel=\"noopener\" data-start=\"6736\" data-end=\"6748\">www.unave.es<\/a><br data-start=\"6748\" data-end=\"6751\" \/><strong data-start=\"6751\" data-end=\"6771\">Nom commercial :<\/strong> Unave<br data-start=\"6777\" data-end=\"6780\" \/><strong data-start=\"6780\" data-end=\"6806\">D\u00e9nomination sociale :<\/strong> UNAVE SISTEMAS DE ALUMINIO S.L.U.<br data-start=\"6840\" data-end=\"6843\" \/><strong data-start=\"6843\" data-end=\"6852\">NIF :<\/strong> B54340120<br data-start=\"6862\" data-end=\"6865\" \/><strong data-start=\"6865\" data-end=\"6883\">Si\u00e8ge social :<\/strong> Pol\u00edgono Industrial La Alberca, Avd. Villajoyosa 3, La Nuc\u00eda, Alicante, Espagne<br data-start=\"6963\" data-end=\"6966\" \/><strong data-start=\"6966\" data-end=\"6981\">T\u00e9l\u00e9phone :<\/strong> +34 965 870 583<br data-start=\"6997\" data-end=\"7000\" \/><strong data-start=\"7000\" data-end=\"7011\">Email :<\/strong> <a class=\"decorated-link cursor-pointer\" rel=\"noopener\" data-start=\"7012\" data-end=\"7025\">info@unave.es<\/a><\/p>\r\n<hr data-start=\"7029\" data-end=\"7032\" \/>\r\n<h3 data-start=\"7034\" data-end=\"7060\">Finalit\u00e9 du traitement<\/h3>\r\n<p data-start=\"7062\" data-end=\"7400\">Les donn\u00e9es personnelles fournies par les clients et\/ou visiteurs via le site web de Unave ou directement \u00e0 son personnel seront int\u00e9gr\u00e9es dans un registre des activit\u00e9s de traitement sous la responsabilit\u00e9 de Unave. Ces donn\u00e9es sont n\u00e9cessaires pour fournir les services demand\u00e9s ou r\u00e9pondre aux questions formul\u00e9es par les utilisateurs.<\/p>\r\n<p data-start=\"7402\" data-end=\"7463\">Unave ne proc\u00e8de pas \u00e0 l\u2019\u00e9laboration de profils utilisateurs.<\/p>\r\n<hr data-start=\"7465\" data-end=\"7468\" \/>\r\n<h3 data-start=\"7470\" data-end=\"7502\">Base juridique du traitement<\/h3>\r\n<ul data-start=\"7504\" data-end=\"7858\">\r\n<li data-start=\"7504\" data-end=\"7602\">\r\n<p data-start=\"7506\" data-end=\"7602\"><strong data-start=\"7506\" data-end=\"7534\">Relation contractuelle :<\/strong> Lors de l\u2019achat de produits ou de la souscription \u00e0 des services.<\/p>\r\n<\/li>\r\n<li data-start=\"7603\" data-end=\"7698\">\r\n<p data-start=\"7605\" data-end=\"7698\"><strong data-start=\"7605\" data-end=\"7627\">Int\u00e9r\u00eat l\u00e9gitime :<\/strong> Pour r\u00e9pondre aux demandes, r\u00e9clamations et g\u00e9rer les paiements dus.<\/p>\r\n<\/li>\r\n<li data-start=\"7699\" data-end=\"7858\">\r\n<p data-start=\"7701\" data-end=\"7858\"><strong data-start=\"7701\" data-end=\"7719\">Consentement :<\/strong> Lorsque l\u2019utilisateur coche la case correspondante dans les formulaires de contact afin d\u2019autoriser l\u2019envoi de communications n\u00e9cessaires.<\/p>\r\n<\/li>\r\n<\/ul>\r\n<hr data-start=\"7860\" data-end=\"7863\" \/>\r\n<h3 data-start=\"7865\" data-end=\"7894\">Destinataires des donn\u00e9es<\/h3>\r\n<p data-start=\"7896\" data-end=\"8103\">Les donn\u00e9es personnelles ne seront pas communiqu\u00e9es \u00e0 des tiers, sauf obligation l\u00e9gale. Par exemple, la l\u00e9gislation fiscale peut exiger la communication de certaines informations \u00e0 l\u2019administration fiscale.<\/p>\r\n<p data-start=\"8105\" data-end=\"8221\">En dehors de ces cas, toute communication de donn\u00e9es fera l\u2019objet d\u2019une demande pr\u00e9alable de consentement explicite.<\/p>\r\n<hr data-start=\"8223\" data-end=\"8226\" \/>\r\n<h3 data-start=\"8228\" data-end=\"8257\">Transferts internationaux<\/h3>\r\n<p data-start=\"8259\" data-end=\"8328\">Aucun transfert international de donn\u00e9es personnelles n\u2019est effectu\u00e9.<\/p>\r\n<hr data-start=\"8330\" data-end=\"8333\" \/>\r\n<h3 data-start=\"8335\" data-end=\"8363\">Conservation des donn\u00e9es<\/h3>\r\n<p data-start=\"8365\" data-end=\"8640\">Les donn\u00e9es personnelles seront conserv\u00e9es uniquement pendant la dur\u00e9e n\u00e9cessaire \u00e0 la r\u00e9alisation des finalit\u00e9s pour lesquelles elles ont \u00e9t\u00e9 collect\u00e9es. Les crit\u00e8res de conservation tiennent compte des obligations l\u00e9gales, contractuelles et des int\u00e9r\u00eats l\u00e9gitimes de Unave.<\/p>\r\n<p data-start=\"8642\" data-end=\"8766\">Une fois la relation termin\u00e9e, les donn\u00e9es seront bloqu\u00e9es et conserv\u00e9es pendant la dur\u00e9e l\u00e9gale de prescription applicable.<\/p>\r\n<hr data-start=\"8768\" data-end=\"8771\" \/>\r\n<h3 data-start=\"8773\" data-end=\"8797\">S\u00e9curit\u00e9 des donn\u00e9es<\/h3>\r\n<p data-start=\"8799\" data-end=\"9009\">Unave met en \u0153uvre toutes les mesures raisonnables pour garantir la confidentialit\u00e9 des donn\u00e9es personnelles. Des mesures de s\u00e9curit\u00e9 strictes sont appliqu\u00e9es afin de pr\u00e9venir toute perte ou acc\u00e8s non autoris\u00e9.<\/p>\r\n<p data-start=\"9011\" data-end=\"9210\">Unave ne saurait \u00eatre tenue responsable de l\u2019utilisation faite par l\u2019utilisateur de ses identifiants. Le personnel et les prestataires tiers sont soumis \u00e0 des obligations strictes de confidentialit\u00e9.<\/p>\r\n<hr data-start=\"9212\" data-end=\"9215\" \/>\r\n<h3 data-start=\"9217\" data-end=\"9244\">Droits des utilisateurs<\/h3>\r\n<p data-start=\"9246\" data-end=\"9289\">L\u2019utilisateur dispose des droits suivants :<\/p>\r\n<ul data-start=\"9291\" data-end=\"9667\">\r\n<li data-start=\"9291\" data-end=\"9337\">\r\n<p data-start=\"9293\" data-end=\"9337\">Droit d\u2019acc\u00e8s \u00e0 ses donn\u00e9es personnelles ;<\/p>\r\n<\/li>\r\n<li data-start=\"9338\" data-end=\"9388\">\r\n<p data-start=\"9340\" data-end=\"9388\">Droit de rectification des donn\u00e9es inexactes ;<\/p>\r\n<\/li>\r\n<li data-start=\"9389\" data-end=\"9465\">\r\n<p data-start=\"9391\" data-end=\"9465\">Droit \u00e0 l\u2019effacement des donn\u00e9es, lorsque cela est l\u00e9galement possible ;<\/p>\r\n<\/li>\r\n<li data-start=\"9466\" data-end=\"9507\">\r\n<p data-start=\"9468\" data-end=\"9507\">Droit \u00e0 la limitation du traitement ;<\/p>\r\n<\/li>\r\n<li data-start=\"9508\" data-end=\"9575\">\r\n<p data-start=\"9510\" data-end=\"9575\">Droit d\u2019opposition au traitement fond\u00e9 sur l\u2019int\u00e9r\u00eat l\u00e9gitime ;<\/p>\r\n<\/li>\r\n<li data-start=\"9576\" data-end=\"9616\">\r\n<p data-start=\"9578\" data-end=\"9616\">Droit \u00e0 la portabilit\u00e9 des donn\u00e9es ;<\/p>\r\n<\/li>\r\n<li data-start=\"9617\" data-end=\"9667\">\r\n<p data-start=\"9619\" data-end=\"9667\">Droit de retirer son consentement \u00e0 tout moment.<\/p>\r\n<\/li>\r\n<\/ul>\r\n<p data-start=\"9669\" data-end=\"9734\">Ces droits peuvent \u00eatre exerc\u00e9s gratuitement en contactant Unave.<\/p>\r\n<hr data-start=\"9736\" data-end=\"9739\" \/>\r\n<h3 data-start=\"9741\" data-end=\"9789\">R\u00e9clamation aupr\u00e8s de l\u2019autorit\u00e9 de contr\u00f4le<\/h3>\r\n<p data-start=\"9791\" data-end=\"9944\">Si vous estimez que vos droits ne sont pas respect\u00e9s, vous pouvez d\u00e9poser une r\u00e9clamation aupr\u00e8s de l\u2019Agence espagnole de protection des donn\u00e9es (AEPD) :<\/p>\r\n<ul data-start=\"9946\" data-end=\"10096\">\r\n<li data-start=\"9946\" data-end=\"9984\">\r\n<p data-start=\"9948\" data-end=\"9984\"><strong data-start=\"9948\" data-end=\"9962\">Site web :<\/strong> <a class=\"decorated-link\" href=\"https:\/\/www.aepd.es\" target=\"_new\" rel=\"noopener\" data-start=\"9963\" data-end=\"9982\">https:\/\/www.aepd.es<\/a><\/p>\r\n<\/li>\r\n<li data-start=\"9985\" data-end=\"10042\">\r\n<p data-start=\"9987\" data-end=\"10042\"><strong data-start=\"9987\" data-end=\"10000\">Adresse :<\/strong> C\/ Jorge Juan, 6, 28001 Madrid, Espagne<\/p>\r\n<\/li>\r\n<li data-start=\"10043\" data-end=\"10096\">\r\n<p data-start=\"10045\" data-end=\"10096\"><strong data-start=\"10045\" data-end=\"10060\">T\u00e9l\u00e9phone :<\/strong> +34 901 100 099 \/ +34 912 663 517<\/p>\r\n<\/li>\r\n<\/ul>\r\n<hr data-start=\"10098\" data-end=\"10101\" \/>\r\n<h3 data-start=\"10103\" data-end=\"10119\">Mises \u00e0 jour<\/h3>\r\n<p data-start=\"10121\" data-end=\"10249\">Unave se r\u00e9serve le droit de modifier la pr\u00e9sente politique afin de l\u2019adapter aux \u00e9volutions l\u00e9gislatives ou jurisprudentielles.<\/p>\r\n<p>[\/vc_column_text][\/vc_column][\/vc_row][vc_row][vc_column][vc_column_text]<\/p>\r\n<p>[\/vc_column_text][\/vc_column][\/vc_row]<\/p><!-- \/wp:post-content --><\/div>","protected":false},"excerpt":{"rendered":"<p>[vc_row][vc_column][vc_column_text css=\u00a0\u00bb\u00a0\u00bb] POLITIQUE DE CONFIDENTIALIT\u00c9 Conform\u00e9ment au R\u00e8glement (UE) 2016\/679 du Parlement europ\u00e9en et du Conseil du 27 avril 2016&#8230;<\/p>\n","protected":false},"author":1,"featured_media":0,"parent":0,"menu_order":0,"comment_status":"closed","ping_status":"closed","template":"","meta":{"_monsterinsights_skip_tracking":false,"_monsterinsights_sitenote_active":false,"_monsterinsights_sitenote_note":"","_monsterinsights_sitenote_category":0,"footnotes":""},"class_list":["post-9669","page","type-page","status-publish","hentry"],"yoast_head":"<!-- This site is optimized with the Yoast SEO plugin v26.8 - https:\/\/yoast.com\/product\/yoast-seo-wordpress\/ -->\n<title>Politique de confidentialit\u00e9 - Unave<\/title>\n<meta name=\"robots\" content=\"noindex, nofollow\" \/>\n<meta property=\"og:locale\" content=\"fr_FR\" \/>\n<meta property=\"og:type\" content=\"article\" \/>\n<meta property=\"og:title\" content=\"Politique de confidentialit\u00e9 - Unave\" \/>\n<meta property=\"og:description\" content=\"[vc_row][vc_column][vc_column_text css=\u00a0\u00bb\u00a0\u00bb] POLITIQUE DE CONFIDENTIALIT\u00c9 Conform\u00e9ment au R\u00e8glement (UE) 2016\/679 du Parlement europ\u00e9en et du Conseil du 27 avril 2016...\" \/>\n<meta property=\"og:url\" content=\"https:\/\/unave.es\/fr\/politique-de-confidentialite\/\" \/>\n<meta property=\"og:site_name\" content=\"Unave\" \/>\n<meta property=\"article:modified_time\" content=\"2026-01-22T08:03:02+00:00\" \/>\n<meta name=\"twitter:card\" content=\"summary_large_image\" \/>\n<meta name=\"twitter:label1\" content=\"Dur\u00e9e de lecture estim\u00e9e\" \/>\n\t<meta name=\"twitter:data1\" content=\"5 minutes\" \/>\n<script type=\"application\/ld+json\" class=\"yoast-schema-graph\">{\"@context\":\"https:\/\/schema.org\",\"@graph\":[{\"@type\":\"WebPage\",\"@id\":\"https:\/\/unave.es\/fr\/politique-de-confidentialite\/\",\"url\":\"https:\/\/unave.es\/fr\/politique-de-confidentialite\/\",\"name\":\"Politique de confidentialit\u00e9 - Unave\",\"isPartOf\":{\"@id\":\"https:\/\/unave.es\/fr\/#website\"},\"datePublished\":\"2024-08-09T11:59:24+00:00\",\"dateModified\":\"2026-01-22T08:03:02+00:00\",\"breadcrumb\":{\"@id\":\"https:\/\/unave.es\/fr\/politique-de-confidentialite\/#breadcrumb\"},\"inLanguage\":\"fr-FR\",\"potentialAction\":[{\"@type\":\"ReadAction\",\"target\":[\"https:\/\/unave.es\/fr\/politique-de-confidentialite\/\"]}]},{\"@type\":\"BreadcrumbList\",\"@id\":\"https:\/\/unave.es\/fr\/politique-de-confidentialite\/#breadcrumb\",\"itemListElement\":[{\"@type\":\"ListItem\",\"position\":1,\"name\":\"Portada\",\"item\":\"https:\/\/unave.es\/fr\/\"},{\"@type\":\"ListItem\",\"position\":2,\"name\":\"Politique de confidentialit\u00e9\"}]},{\"@type\":\"WebSite\",\"@id\":\"https:\/\/unave.es\/fr\/#website\",\"url\":\"https:\/\/unave.es\/fr\/\",\"name\":\"Unave\",\"description\":\"\",\"potentialAction\":[{\"@type\":\"SearchAction\",\"target\":{\"@type\":\"EntryPoint\",\"urlTemplate\":\"https:\/\/unave.es\/fr\/?s={search_term_string}\"},\"query-input\":{\"@type\":\"PropertyValueSpecification\",\"valueRequired\":true,\"valueName\":\"search_term_string\"}}],\"inLanguage\":\"fr-FR\"}]}<\/script>\n<!-- \/ Yoast SEO plugin. -->","yoast_head_json":{"title":"Politique de confidentialit\u00e9 - Unave","robots":{"index":"noindex","follow":"nofollow"},"og_locale":"fr_FR","og_type":"article","og_title":"Politique de confidentialit\u00e9 - Unave","og_description":"[vc_row][vc_column][vc_column_text css=\u00a0\u00bb\u00a0\u00bb] POLITIQUE DE CONFIDENTIALIT\u00c9 Conform\u00e9ment au R\u00e8glement (UE) 2016\/679 du Parlement europ\u00e9en et du Conseil du 27 avril 2016...","og_url":"https:\/\/unave.es\/fr\/politique-de-confidentialite\/","og_site_name":"Unave","article_modified_time":"2026-01-22T08:03:02+00:00","twitter_card":"summary_large_image","twitter_misc":{"Dur\u00e9e de lecture estim\u00e9e":"5 minutes"},"schema":{"@context":"https:\/\/schema.org","@graph":[{"@type":"WebPage","@id":"https:\/\/unave.es\/fr\/politique-de-confidentialite\/","url":"https:\/\/unave.es\/fr\/politique-de-confidentialite\/","name":"Politique de confidentialit\u00e9 - Unave","isPartOf":{"@id":"https:\/\/unave.es\/fr\/#website"},"datePublished":"2024-08-09T11:59:24+00:00","dateModified":"2026-01-22T08:03:02+00:00","breadcrumb":{"@id":"https:\/\/unave.es\/fr\/politique-de-confidentialite\/#breadcrumb"},"inLanguage":"fr-FR","potentialAction":[{"@type":"ReadAction","target":["https:\/\/unave.es\/fr\/politique-de-confidentialite\/"]}]},{"@type":"BreadcrumbList","@id":"https:\/\/unave.es\/fr\/politique-de-confidentialite\/#breadcrumb","itemListElement":[{"@type":"ListItem","position":1,"name":"Portada","item":"https:\/\/unave.es\/fr\/"},{"@type":"ListItem","position":2,"name":"Politique de confidentialit\u00e9"}]},{"@type":"WebSite","@id":"https:\/\/unave.es\/fr\/#website","url":"https:\/\/unave.es\/fr\/","name":"Unave","description":"","potentialAction":[{"@type":"SearchAction","target":{"@type":"EntryPoint","urlTemplate":"https:\/\/unave.es\/fr\/?s={search_term_string}"},"query-input":{"@type":"PropertyValueSpecification","valueRequired":true,"valueName":"search_term_string"}}],"inLanguage":"fr-FR"}]}},"_links":{"self":[{"href":"https:\/\/unave.es\/fr\/wp-json\/wp\/v2\/pages\/9669","targetHints":{"allow":["GET"]}}],"collection":[{"href":"https:\/\/unave.es\/fr\/wp-json\/wp\/v2\/pages"}],"about":[{"href":"https:\/\/unave.es\/fr\/wp-json\/wp\/v2\/types\/page"}],"author":[{"embeddable":true,"href":"https:\/\/unave.es\/fr\/wp-json\/wp\/v2\/users\/1"}],"replies":[{"embeddable":true,"href":"https:\/\/unave.es\/fr\/wp-json\/wp\/v2\/comments?post=9669"}],"version-history":[{"count":2,"href":"https:\/\/unave.es\/fr\/wp-json\/wp\/v2\/pages\/9669\/revisions"}],"predecessor-version":[{"id":9684,"href":"https:\/\/unave.es\/fr\/wp-json\/wp\/v2\/pages\/9669\/revisions\/9684"}],"wp:attachment":[{"href":"https:\/\/unave.es\/fr\/wp-json\/wp\/v2\/media?parent=9669"}],"curies":[{"name":"wp","href":"https:\/\/api.w.org\/{rel}","templated":true}]}}