{"id":9534,"date":"2024-09-02T09:51:46","date_gmt":"2024-09-02T07:51:46","guid":{"rendered":"https:\/\/unave.es\/blog-2\/"},"modified":"2026-01-22T11:54:58","modified_gmt":"2026-01-22T10:54:58","slug":"blog","status":"publish","type":"page","link":"https:\/\/unave.es\/fr\/blog\/","title":{"rendered":"Blog"},"content":{"rendered":"<div class=\"wpb-content-wrapper\"><p>[vc_row css=\u00a0\u00bb.vc_custom_1725264053382{margin-top: 2vw !important;margin-bottom: 2vw !important;}\u00a0\u00bb _et_uniqid=\u00a0\u00bbet_custom_uniqid_new_66d570ae92b7f\u00a0\u00bb][vc_column width=\u00a0\u00bb1\/12&Prime;][\/vc_column][vc_column width=\u00a0\u00bb10\/12&Prime; offset=\u00a0\u00bbvc_hidden-sm vc_hidden-xs\u00a0\u00bb _et_uniqid=\u00a0\u00bbet_custom_uniqid_new_675af675cfa7c\u00a0\u00bb][vc_column_text css=\u00a0\u00bb\u00a0\u00bb]<\/p>\n<h1 class=\"h1-title-pc h1-blog\" style=\"text-align: center;\">D\u00e9couvrez nos<br \/>derni\u00e8res actualit\u00e9s<\/h1>\n<p>[\/vc_column_text][\/vc_column][vc_column width=\u00a0\u00bb1\/12&Prime;][\/vc_column][\/vc_row][vc_row css=\u00a0\u00bb.vc_custom_1725264053382{margin-top: 2vw !important;margin-bottom: 2vw !important;}\u00a0\u00bb _et_uniqid=\u00a0\u00bbet_custom_uniqid_new_66d570ae92b7f\u00a0\u00bb][vc_column width=\u00a0\u00bb1\/12&Prime;][\/vc_column][vc_column width=\u00a0\u00bb10\/12&Prime; offset=\u00a0\u00bbvc_hidden-lg vc_hidden-md\u00a0\u00bb _et_uniqid=\u00a0\u00bbet_custom_uniqid_new_675af6879b1a8&Prime;][vc_column_text css=\u00a0\u00bb\u00a0\u00bb]<\/p>\n<h1 class=\"h1-title-responsive h1-blog\" style=\"text-align: center;\">D\u00e9couvrez nos<br \/>\nderni\u00e8res actualit\u00e9s<\/h1>\n<p>[\/vc_column_text][\/vc_column][vc_column width=\u00a0\u00bb1\/12&Prime;][\/vc_column][\/vc_row][vc_row full_width=\u00a0\u00bbstretch_row\u00a0\u00bb _et_uniqid=\u00a0\u00bbet_custom_uniqid_new_66d5712ce6fe0&Prime;][vc_column][vc_basic_grid post_type=\u00a0\u00bbpost\u00a0\u00bb max_items=\u00a0\u00bb9&Prime; css=\u00a0\u00bb\u00a0\u00bb grid_id=\u00a0\u00bbvc_gid:1734014906714-e3276582-add5-2&Prime; el_class=\u00a0\u00bbpost-blog\u00a0\u00bb][\/vc_column][\/vc_row][vc_row][vc_column][vc_empty_space height=\u00a0\u00bb100px\u00a0\u00bb][\/vc_column][\/vc_row]<\/p>\n<\/div>","protected":false},"excerpt":{"rendered":"<p>[vc_row css=\u00a0\u00bb.vc_custom_1725264053382{margin-top: 2vw !important;margin-bottom: 2vw !important;}\u00a0\u00bb _et_uniqid=\u00a0\u00bbet_custom_uniqid_new_66d570ae92b7f\u00a0\u00bb][vc_column width=\u00a0\u00bb1\/12&Prime;][\/vc_column][vc_column width=\u00a0\u00bb10\/12&Prime; offset=\u00a0\u00bbvc_hidden-sm vc_hidden-xs\u00a0\u00bb _et_uniqid=\u00a0\u00bbet_custom_uniqid_new_675af675cfa7c\u00a0\u00bb][vc_column_text css=\u00a0\u00bb\u00a0\u00bb] D\u00e9couvrez nosderni\u00e8res actualit\u00e9s [\/vc_column_text][\/vc_column][vc_column width=\u00a0\u00bb1\/12&Prime;][\/vc_column][\/vc_row][vc_row css=\u00a0\u00bb.vc_custom_1725264053382{margin-top: 2vw&#8230;<\/p>\n","protected":false},"author":1,"featured_media":0,"parent":0,"menu_order":0,"comment_status":"closed","ping_status":"closed","template":"","meta":{"_monsterinsights_skip_tracking":false,"_monsterinsights_sitenote_active":false,"_monsterinsights_sitenote_note":"","_monsterinsights_sitenote_category":0,"footnotes":""},"class_list":["post-9534","page","type-page","status-publish","hentry"],"yoast_head":"<!-- This site is optimized with the Yoast SEO plugin v26.8 - https:\/\/yoast.com\/product\/yoast-seo-wordpress\/ -->\n<title>Blog : Tendances en mati\u00e8re d&#039;architecture, de durabilit\u00e9 et de design : Unave<\/title>\n<meta name=\"description\" content=\"D\u00e9couvrez des articles sur l&#039;architecture durable, la conception innovante et les solutions efficaces. Restez au courant des derni\u00e8res tendances sur le blog Unave.\" \/>\n<meta name=\"robots\" content=\"index, follow, max-snippet:-1, max-image-preview:large, max-video-preview:-1\" \/>\n<link rel=\"canonical\" href=\"https:\/\/unave.es\/fr\/blog\/\" \/>\n<meta property=\"og:locale\" content=\"fr_FR\" \/>\n<meta property=\"og:type\" content=\"article\" \/>\n<meta property=\"og:title\" content=\"Blog : Tendances en mati\u00e8re d&#039;architecture, de durabilit\u00e9 et de design : Unave\" \/>\n<meta property=\"og:description\" content=\"D\u00e9couvrez des articles sur l&#039;architecture durable, la conception innovante et les solutions efficaces. Restez au courant des derni\u00e8res tendances sur le blog Unave.\" \/>\n<meta property=\"og:url\" content=\"https:\/\/unave.es\/fr\/blog\/\" \/>\n<meta property=\"og:site_name\" content=\"Unave\" \/>\n<meta property=\"article:modified_time\" content=\"2026-01-22T10:54:58+00:00\" \/>\n<meta name=\"twitter:card\" content=\"summary_large_image\" \/>\n<meta name=\"twitter:label1\" content=\"Dur\u00e9e de lecture estim\u00e9e\" \/>\n\t<meta name=\"twitter:data1\" content=\"1 minute\" \/>\n<script type=\"application\/ld+json\" class=\"yoast-schema-graph\">{\"@context\":\"https:\/\/schema.org\",\"@graph\":[{\"@type\":\"WebPage\",\"@id\":\"https:\/\/unave.es\/fr\/blog\/\",\"url\":\"https:\/\/unave.es\/fr\/blog\/\",\"name\":\"Blog : Tendances en mati\u00e8re d'architecture, de durabilit\u00e9 et de design : Unave\",\"isPartOf\":{\"@id\":\"https:\/\/unave.es\/fr\/#website\"},\"datePublished\":\"2024-09-02T07:51:46+00:00\",\"dateModified\":\"2026-01-22T10:54:58+00:00\",\"description\":\"D\u00e9couvrez des articles sur l'architecture durable, la conception innovante et les solutions efficaces. Restez au courant des derni\u00e8res tendances sur le blog Unave.\",\"breadcrumb\":{\"@id\":\"https:\/\/unave.es\/fr\/blog\/#breadcrumb\"},\"inLanguage\":\"fr-FR\",\"potentialAction\":[{\"@type\":\"ReadAction\",\"target\":[\"https:\/\/unave.es\/fr\/blog\/\"]}]},{\"@type\":\"BreadcrumbList\",\"@id\":\"https:\/\/unave.es\/fr\/blog\/#breadcrumb\",\"itemListElement\":[{\"@type\":\"ListItem\",\"position\":1,\"name\":\"Portada\",\"item\":\"https:\/\/unave.es\/fr\/\"},{\"@type\":\"ListItem\",\"position\":2,\"name\":\"Blog\"}]},{\"@type\":\"WebSite\",\"@id\":\"https:\/\/unave.es\/fr\/#website\",\"url\":\"https:\/\/unave.es\/fr\/\",\"name\":\"Unave\",\"description\":\"\",\"potentialAction\":[{\"@type\":\"SearchAction\",\"target\":{\"@type\":\"EntryPoint\",\"urlTemplate\":\"https:\/\/unave.es\/fr\/?s={search_term_string}\"},\"query-input\":{\"@type\":\"PropertyValueSpecification\",\"valueRequired\":true,\"valueName\":\"search_term_string\"}}],\"inLanguage\":\"fr-FR\"}]}<\/script>\n<!-- \/ Yoast SEO plugin. -->","yoast_head_json":{"title":"Blog : Tendances en mati\u00e8re d'architecture, de durabilit\u00e9 et de design : Unave","description":"D\u00e9couvrez des articles sur l'architecture durable, la conception innovante et les solutions efficaces. Restez au courant des derni\u00e8res tendances sur le blog Unave.","robots":{"index":"index","follow":"follow","max-snippet":"max-snippet:-1","max-image-preview":"max-image-preview:large","max-video-preview":"max-video-preview:-1"},"canonical":"https:\/\/unave.es\/fr\/blog\/","og_locale":"fr_FR","og_type":"article","og_title":"Blog : Tendances en mati\u00e8re d'architecture, de durabilit\u00e9 et de design : Unave","og_description":"D\u00e9couvrez des articles sur l'architecture durable, la conception innovante et les solutions efficaces. Restez au courant des derni\u00e8res tendances sur le blog Unave.","og_url":"https:\/\/unave.es\/fr\/blog\/","og_site_name":"Unave","article_modified_time":"2026-01-22T10:54:58+00:00","twitter_card":"summary_large_image","twitter_misc":{"Dur\u00e9e de lecture estim\u00e9e":"1 minute"},"schema":{"@context":"https:\/\/schema.org","@graph":[{"@type":"WebPage","@id":"https:\/\/unave.es\/fr\/blog\/","url":"https:\/\/unave.es\/fr\/blog\/","name":"Blog : Tendances en mati\u00e8re d'architecture, de durabilit\u00e9 et de design : Unave","isPartOf":{"@id":"https:\/\/unave.es\/fr\/#website"},"datePublished":"2024-09-02T07:51:46+00:00","dateModified":"2026-01-22T10:54:58+00:00","description":"D\u00e9couvrez des articles sur l'architecture durable, la conception innovante et les solutions efficaces. Restez au courant des derni\u00e8res tendances sur le blog Unave.","breadcrumb":{"@id":"https:\/\/unave.es\/fr\/blog\/#breadcrumb"},"inLanguage":"fr-FR","potentialAction":[{"@type":"ReadAction","target":["https:\/\/unave.es\/fr\/blog\/"]}]},{"@type":"BreadcrumbList","@id":"https:\/\/unave.es\/fr\/blog\/#breadcrumb","itemListElement":[{"@type":"ListItem","position":1,"name":"Portada","item":"https:\/\/unave.es\/fr\/"},{"@type":"ListItem","position":2,"name":"Blog"}]},{"@type":"WebSite","@id":"https:\/\/unave.es\/fr\/#website","url":"https:\/\/unave.es\/fr\/","name":"Unave","description":"","potentialAction":[{"@type":"SearchAction","target":{"@type":"EntryPoint","urlTemplate":"https:\/\/unave.es\/fr\/?s={search_term_string}"},"query-input":{"@type":"PropertyValueSpecification","valueRequired":true,"valueName":"search_term_string"}}],"inLanguage":"fr-FR"}]}},"_links":{"self":[{"href":"https:\/\/unave.es\/fr\/wp-json\/wp\/v2\/pages\/9534","targetHints":{"allow":["GET"]}}],"collection":[{"href":"https:\/\/unave.es\/fr\/wp-json\/wp\/v2\/pages"}],"about":[{"href":"https:\/\/unave.es\/fr\/wp-json\/wp\/v2\/types\/page"}],"author":[{"embeddable":true,"href":"https:\/\/unave.es\/fr\/wp-json\/wp\/v2\/users\/1"}],"replies":[{"embeddable":true,"href":"https:\/\/unave.es\/fr\/wp-json\/wp\/v2\/comments?post=9534"}],"version-history":[{"count":2,"href":"https:\/\/unave.es\/fr\/wp-json\/wp\/v2\/pages\/9534\/revisions"}],"predecessor-version":[{"id":9536,"href":"https:\/\/unave.es\/fr\/wp-json\/wp\/v2\/pages\/9534\/revisions\/9536"}],"wp:attachment":[{"href":"https:\/\/unave.es\/fr\/wp-json\/wp\/v2\/media?parent=9534"}],"curies":[{"name":"wp","href":"https:\/\/api.w.org\/{rel}","templated":true}]}}