{"id":9426,"date":"2024-08-27T14:50:20","date_gmt":"2024-08-27T12:50:20","guid":{"rendered":"https:\/\/unave.es\/produits\/ferronnerie\/"},"modified":"2026-01-22T11:59:35","modified_gmt":"2026-01-22T10:59:35","slug":"serrurerie-fer","status":"publish","type":"page","link":"https:\/\/unave.es\/fr\/produits\/serrurerie-fer\/","title":{"rendered":"Ferronnerie"},"content":{"rendered":"<div class=\"wpb-content-wrapper\"><p>[vc_row full_width=\u00a0\u00bbstretch_row_content\u00a0\u00bb equal_height=\u00a0\u00bbyes\u00a0\u00bb css_animation=\u00a0\u00bbfadeIn\u00a0\u00bb et_uniqid=\u00a0\u00bbet_custom_uniqid_5ea344e21f01d\u00a0\u00bb _et_uniqid=\u00a0\u00bbet_custom_uniqid_new_670397c6c2d4c\u00a0\u00bb css=\u00a0\u00bb.vc_custom_1728288739690{background-image: url(https:\/\/unave.es\/wp-content\/uploads\/2024\/10\/banner-cerrajeria.webp?id=8537) !important;background-position: center !important;background-repeat: no-repeat !important;background-size: cover !important;}\u00a0\u00bb][vc_column][vc_empty_space height=\u00a0\u00bb200px\u00a0\u00bb][vc_row_inner][vc_column_inner offset=\u00a0\u00bbvc_hidden-sm vc_hidden-xs\u00a0\u00bb _et_uniqid=\u00a0\u00bbet_custom_uniqid_new_675af552a0069&Prime;][vc_column_text css_animation=\u00a0\u00bbfadeInUp\u00a0\u00bb css=\u00a0\u00bb\u00a0\u00bb]<\/p>\n<h1 class=\"h1-title-pc\" style=\"text-align: center;\">Ferronnerie sur mesure: D\u00e9coration<br \/>Et s\u00e9curit\u00e9 personnalis\u00e9es<\/h1>\n<p>[\/vc_column_text][\/vc_column_inner][\/vc_row_inner][vc_row_inner][vc_column_inner offset=\u00a0\u00bbvc_hidden-lg vc_hidden-md\u00a0\u00bb _et_uniqid=\u00a0\u00bbet_custom_uniqid_new_675af558f421f\u00a0\u00bb][vc_column_text css_animation=\u00a0\u00bbfadeInUp\u00a0\u00bb css=\u00a0\u00bb\u00a0\u00bb]<\/p>\n<h1 class=\"h1-title-responsive\" style=\"text-align: center;\">Ferronnerie sur mesure: D\u00e9coration et s\u00e9curit\u00e9 personnalis\u00e9es<\/h1>\n<p>[\/vc_column_text][\/vc_column_inner][\/vc_row_inner][vc_empty_space height=\u00a0\u00bb200px\u00a0\u00bb][\/vc_column][\/vc_row][vc_row css_animation=\u00a0\u00bbfadeIn\u00a0\u00bb et_uniqid=\u00a0\u00bbet_custom_uniqid_5ea316003328e\u00a0\u00bb css=\u00a0\u00bb.vc_custom_1724659247524{margin-top: 50px !important;margin-bottom: 60px !important;}\u00a0\u00bb _et_uniqid=\u00a0\u00bbet_custom_uniqid_new_66cc36258a319&Prime;][vc_column width=\u00a0\u00bb1\/12&Prime;][\/vc_column][vc_column width=\u00a0\u00bb10\/12&Prime;][vc_column_text css=\u00a0\u00bb\u00a0\u00bb]<\/p>\n<p style=\"text-align: center; color: #000; font-size: 20px;\"><b>Transformez votre espace avec une ferronnerie con\u00e7ue selon vos go\u00fbts<\/b><\/p>\n<p>[\/vc_column_text][vc_column_text css=\u00a0\u00bb.vc_custom_1724825386059{margin-bottom: 20px !important;}\u00a0\u00bb]<\/p>\n<p style=\"text-align: center;\"><span style=\"font-weight: 400;\">Chez Unave, nous proposons des solutions de<\/span> <b>ferronnerie <\/b><span style=\"font-weight: 400;\">sur mesure qui allient s\u00e9curit\u00e9 et esth\u00e9tique. Nous r\u00e9alisons des<\/span> <b>grilles, des portes ext\u00e9rieures, des garde-corps et des escaliers<\/b><span style=\"font-weight: 400;\">, tous<\/span> <b>thermolaqu\u00e9s<\/b> <span style=\"font-weight: 400;\">avec un appr\u00eat pour garantir une durabilit\u00e9 maximale. Nous proposons une<\/span> <b>large gamme de couleurs RAL<\/b> <span style=\"font-weight: 400;\">afin que vous puissiez choisir celle qui correspond le mieux \u00e0 votre style. Tous nos produits sont<\/span> f<b>abriqu\u00e9s sur mesure<\/b> <span style=\"font-weight: 400;\">dans notre atelier, garantissant une qualit\u00e9 et une finition impeccables.<\/span><\/p>\n<p>[\/vc_column_text][\/vc_column][vc_column width=\u00a0\u00bb1\/12&Prime;][\/vc_column][\/vc_row][vc_row full_width=\u00a0\u00bbstretch_row_content\u00a0\u00bb css_animation=\u00a0\u00bbnone\u00a0\u00bb et_uniqid=\u00a0\u00bbet_custom_uniqid_5ea316003328e\u00a0\u00bb css=\u00a0\u00bb.vc_custom_1725453736821{margin-top: 8px !important;margin-bottom: 60px !important;}\u00a0\u00bb _et_uniqid=\u00a0\u00bbet_custom_uniqid_new_66d855a46fc57&Prime;][vc_column][vc_custom_heading text=\u00a0\u00bbNos produits de ferronnerie sur mesure\u00a0\u00bb font_container=\u00a0\u00bbtag:h2|text_align:center|color:%23000000&Prime; google_fonts=\u00a0\u00bbfont_family:Montserrat%3Aregular%2C700|font_style:700%20bold%20regular%3A700%3Anormal\u00a0\u00bb css_animation=\u00a0\u00bbfadeInUp\u00a0\u00bb css=\u00a0\u00bb.vc_custom_1725544475896{margin-bottom: 40px !important;}\u00a0\u00bb el_class=\u00a0\u00bbno-uppercase h2-title\u00a0\u00bb][vc_row_inner _et_uniqid=\u00a0\u00bbet_custom_uniqid_new_66d1bbf427cf4&Prime; el_class=\u00a0\u00bbdiv-proteccion-solar-variedades\u00a0\u00bb][vc_column_inner offset=\u00a0\u00bbvc_col-lg-3 vc_col-md-6&Prime; _et_uniqid=\u00a0\u00bbet_custom_uniqid_new_66d1bc1050bd5&Prime;][vc_single_image image=\u00a0\u00bb9429&Prime; img_size=\u00a0\u00bbfull\u00a0\u00bb alignment=\u00a0\u00bbcenter\u00a0\u00bb css=\u00a0\u00bb.vc_custom_1728288816733{margin-bottom: 10px !important;}\u00a0\u00bb][vc_custom_heading text=\u00a0\u00bbGarde-corps\u00a0\u00bb font_container=\u00a0\u00bbtag:h3|font_size:20px|text_align:left|color:%23000000&Prime; google_fonts=\u00a0\u00bbfont_family:Montserrat%3Aregular%2C700|font_style:700%20bold%20regular%3A700%3Anormal\u00a0\u00bb css=\u00a0\u00bb.vc_custom_1725544495749{margin-bottom: 10px !important;}\u00a0\u00bb el_class=\u00a0\u00bbno-uppercase text-center-responsive-991px\u00a0\u00bb][vc_column_text css=\u00a0\u00bb\u00a0\u00bb]<\/p>\n<p class=\"text-center-responsive-991px\"><span style=\"font-weight: 400; font-size: 14px;\">Con\u00e7us pour offrir s\u00e9curit\u00e9 et \u00e9l\u00e9gance \u00e0 vos espaces. Nous proposons plusieurs designs qui s\u2019adaptent \u00e0 tous les styles architecturaux. <\/span><\/p>\n<p>[\/vc_column_text][\/vc_column_inner][vc_column_inner offset=\u00a0\u00bbvc_col-lg-3 vc_col-md-6&Prime; _et_uniqid=\u00a0\u00bbet_custom_uniqid_new_66cdc5036406a\u00a0\u00bb][vc_single_image image=\u00a0\u00bb9430&Prime; img_size=\u00a0\u00bbfull\u00a0\u00bb alignment=\u00a0\u00bbcenter\u00a0\u00bb css=\u00a0\u00bb.vc_custom_1728288839152{margin-bottom: 10px !important;}\u00a0\u00bb][vc_custom_heading text=\u00a0\u00bbGrilles\u00a0\u00bb font_container=\u00a0\u00bbtag:h3|font_size:20px|text_align:left|color:%23000000&Prime; google_fonts=\u00a0\u00bbfont_family:Montserrat%3Aregular%2C700|font_style:700%20bold%20regular%3A700%3Anormal\u00a0\u00bb css=\u00a0\u00bb.vc_custom_1725544508612{margin-bottom: 10px !important;}\u00a0\u00bb el_class=\u00a0\u00bbno-uppercase text-center-responsive-991px\u00a0\u00bb][vc_column_text css=\u00a0\u00bb\u00a0\u00bb]<\/p>\n<p class=\"text-center-responsive-991px\"><span style=\"font-weight: 400; font-size: 14px;\">Elles assurent non seulement la s\u00e9curit\u00e9 de votre propri\u00e9t\u00e9, mais ajoutent \u00e9galement un \u00e9l\u00e9ment d\u00e9coratif. Nous travaillons avec une vari\u00e9t\u00e9 de designs pouvant \u00eatre personnalis\u00e9s. <\/span><\/p>\n<p>[\/vc_column_text][\/vc_column_inner][vc_column_inner offset=\u00a0\u00bbvc_col-lg-3 vc_col-md-6&Prime; _et_uniqid=\u00a0\u00bbet_custom_uniqid_new_66cdc50f21ec4&Prime;][vc_single_image image=\u00a0\u00bb9431&Prime; img_size=\u00a0\u00bbfull\u00a0\u00bb alignment=\u00a0\u00bbcenter\u00a0\u00bb css=\u00a0\u00bb.vc_custom_1728288877565{margin-bottom: 10px !important;}\u00a0\u00bb][vc_custom_heading text=\u00a0\u00bbPortes ext\u00e9rieures\u00a0\u00bb font_container=\u00a0\u00bbtag:h3|font_size:20px|text_align:left|color:%23000000&Prime; google_fonts=\u00a0\u00bbfont_family:Montserrat%3Aregular%2C700|font_style:700%20bold%20regular%3A700%3Anormal\u00a0\u00bb css=\u00a0\u00bb.vc_custom_1725544521008{margin-bottom: 10px !important;}\u00a0\u00bb el_class=\u00a0\u00bbno-uppercase text-center-responsive-991px\u00a0\u00bb][vc_column_text css=\u00a0\u00bb\u00a0\u00bb]<\/p>\n<p class=\"text-center-responsive-991px\"><span style=\"font-weight: 400; font-size: 14px;\">Durables et s\u00e9curis\u00e9es, avec la possibilit\u00e9 de personnaliser le design pour s\u2019harmoniser avec l\u2019esth\u00e9tique de votre propri\u00e9t\u00e9. De plus, elles sont thermolaqu\u00e9es pour une durabilit\u00e9 accrue. <\/span><\/p>\n<p>[\/vc_column_text][\/vc_column_inner][vc_column_inner offset=\u00a0\u00bbvc_col-lg-3 vc_col-md-6&Prime; _et_uniqid=\u00a0\u00bbet_custom_uniqid_new_66cdc51bd4583&Prime;][vc_single_image image=\u00a0\u00bb9432&Prime; img_size=\u00a0\u00bbfull\u00a0\u00bb alignment=\u00a0\u00bbcenter\u00a0\u00bb css=\u00a0\u00bb.vc_custom_1728288906831{margin-bottom: 10px !important;}\u00a0\u00bb][vc_custom_heading text=\u00a0\u00bbEscaliers\u00a0\u00bb font_container=\u00a0\u00bbtag:h3|font_size:20px|text_align:left|color:%23000000&Prime; google_fonts=\u00a0\u00bbfont_family:Montserrat%3Aregular%2C700|font_style:700%20bold%20regular%3A700%3Anormal\u00a0\u00bb css=\u00a0\u00bb.vc_custom_1725544532591{margin-bottom: 10px !important;}\u00a0\u00bb el_class=\u00a0\u00bbno-uppercase text-center-responsive-991px\u00a0\u00bb][vc_column_text css=\u00a0\u00bb\u00a0\u00bb]<\/p>\n<p class=\"text-center-responsive-991px\"><span style=\"font-weight: 400; font-size: 14px;\">Id\u00e9aux pour un usage int\u00e9rieur et ext\u00e9rieur, offrant une structure solide et s\u00e9curis\u00e9e. Chacun est personnalis\u00e9 pour s\u2019adapter parfaitement \u00e0 votre espace et \u00e0 votre style. <\/span><\/p>\n<p>[\/vc_column_text][\/vc_column_inner][\/vc_row_inner][\/vc_column][\/vc_row][vc_row][vc_column][vc_empty_space height=\u00a0\u00bb50px\u00a0\u00bb][\/vc_column][\/vc_row][vc_row full_width=\u00a0\u00bbstretch_row_content\u00a0\u00bb _et_uniqid=\u00a0\u00bbet_custom_uniqid_new_66cdacb002e12&Prime;][vc_column width=\u00a0\u00bb1\/12&Prime;][\/vc_column][vc_column width=\u00a0\u00bb5\/12&Prime;][vc_single_image image=\u00a0\u00bb9433&Prime; img_size=\u00a0\u00bbfull\u00a0\u00bb alignment=\u00a0\u00bbcenter\u00a0\u00bb css_animation=\u00a0\u00bbfadeInUp\u00a0\u00bb css=\u00a0\u00bb\u00a0\u00bb][vc_custom_heading text=\u00a0\u00bbConception et fabrication de ferronnerie sur mesure\u00a0\u00bb google_fonts=\u00a0\u00bbfont_family:Montserrat%3Aregular%2C700|font_style:700%20bold%20regular%3A700%3Anormal\u00a0\u00bb css=\u00a0\u00bb\u00a0\u00bb el_class=\u00a0\u00bbno-uppercase h2-title text-center-responsive-767px\u00a0\u00bb][vc_column_text css=\u00a0\u00bb\u00a0\u00bb]<\/p>\n<p class=\"text-center-responsive-767px\"><span style=\"font-weight: 400;\">Dans notre propre atelier, nous prenons en charge la conception et la<\/span> <b>fabrication de chaque pi\u00e8ce de ferronnerie sur mesure<\/b><span style=\"font-weight: 400;\">. Nous collaborons avec le client pour cr\u00e9er des produits r\u00e9pondant \u00e0 ses besoins et pr\u00e9f\u00e9rences sp\u00e9cifiques. Notre \u00e9quipe d\u2019experts vous accompagne \u00e0 chaque \u00e9tape du processus afin de garantir que le r\u00e9sultat final corresponde exactement \u00e0 vos attentes.<\/span><\/p>\n<p>[\/vc_column_text][\/vc_column][vc_column width=\u00a0\u00bb5\/12&Prime;][vc_single_image image=\u00a0\u00bb9434&Prime; img_size=\u00a0\u00bbfull\u00a0\u00bb alignment=\u00a0\u00bbcenter\u00a0\u00bb css_animation=\u00a0\u00bbfadeInUp\u00a0\u00bb css=\u00a0\u00bb\u00a0\u00bb][vc_custom_heading text=\u00a0\u00bbThermolaquage: La cl\u00e9 de notre service\u00a0\u00bb google_fonts=\u00a0\u00bbfont_family:Montserrat%3Aregular%2C700|font_style:700%20bold%20regular%3A700%3Anormal\u00a0\u00bb css=\u00a0\u00bb\u00a0\u00bb el_class=\u00a0\u00bbno-uppercase h2-title text-center-responsive-767px\u00a0\u00bb][vc_column_text css=\u00a0\u00bb\u00a0\u00bb]<\/p>\n<p class=\"text-center-responsive-767px\"><span style=\"font-weight: 400;\">Dans notre service de ferronnerie, toutes les pi\u00e8ces sont thermolaqu\u00e9es plut\u00f4t que peintes. Cette m\u00e9thode assure une durabilit\u00e9 sup\u00e9rieure et une finition de qualit\u00e9, prot\u00e9geant chaque pi\u00e8ce de l\u2019usure et des conditions environnementales. Gr\u00e2ce au thermolaquage, nous garantissons la plus haute qualit\u00e9 et r\u00e9sistance pour chaque projet.  <\/span><\/p>\n<p>[\/vc_column_text][\/vc_column][vc_column width=\u00a0\u00bb1\/12&Prime;][\/vc_column][\/vc_row][vc_row][vc_column][vc_empty_space height=\u00a0\u00bb50px\u00a0\u00bb][\/vc_column][\/vc_row][vc_row css_animation=\u00a0\u00bbnone\u00a0\u00bb et_uniqid=\u00a0\u00bbet_custom_uniqid_5f64aa7de2f8e\u00a0\u00bb css=\u00a0\u00bb.vc_custom_1728289025827{padding-top: 50px !important;padding-bottom: 10px !important;}\u00a0\u00bb _et_uniqid=\u00a0\u00bbet_custom_uniqid_new_670398eac4288&Prime; css_xs=\u00a0\u00bb.vc_custom_1728289025828{padding-top: 20px !important;}\u00a0\u00bb][vc_column css_animation=\u00a0\u00bbfadeIn\u00a0\u00bb width=\u00a0\u00bb1\/12&Prime; _et_uniqid=\u00a0\u00bbet_custom_uniqid_new_6139aafb52426&Prime;][\/vc_column][vc_column width=\u00a0\u00bb10\/12&Prime;][vc_custom_heading text=\u00a0\u00bbNos projets de ferronnerie sur mesure\u00a0\u00bb font_container=\u00a0\u00bbtag:h2|text_align:center|color:%23000000&Prime; google_fonts=\u00a0\u00bbfont_family:Montserrat%3Aregular%2C700|font_style:700%20bold%20regular%3A700%3Anormal\u00a0\u00bb css=\u00a0\u00bb\u00a0\u00bb el_class=\u00a0\u00bbno-uppercase h2-title\u00a0\u00bb][\/vc_column][vc_column width=\u00a0\u00bb1\/12&Prime;][\/vc_column][\/vc_row][vc_row full_width=\u00a0\u00bbstretch_row_content_no_spaces\u00a0\u00bb css_animation=\u00a0\u00bbfadeInUp\u00a0\u00bb et_uniqid=\u00a0\u00bbet_custom_uniqid_5f64aa7de2f8e\u00a0\u00bb css=\u00a0\u00bb.vc_custom_1728289119492{margin-bottom: 0px !important;padding-bottom: 0px !important;}\u00a0\u00bb _et_uniqid=\u00a0\u00bbet_custom_uniqid_new_6703995c4af86&Prime; css_xs=\u00a0\u00bb.vc_custom_1728289119493{padding-top: 20px !important;}\u00a0\u00bb][vc_column css_animation=\u00a0\u00bbfadeIn\u00a0\u00bb _et_uniqid=\u00a0\u00bbet_custom_uniqid_new_6139aafb52426&Prime;][vc_images_carousel images=\u00a0\u00bb9435,9436,9437,9438,9439&Prime; img_size=\u00a0\u00bbfull\u00a0\u00bb slides_per_view=\u00a0\u00bb5&Prime; autoplay=\u00a0\u00bbyes\u00a0\u00bb hide_pagination_control=\u00a0\u00bbyes\u00a0\u00bb wrap=\u00a0\u00bbyes\u00a0\u00bb css=\u00a0\u00bb\u00a0\u00bb][\/vc_column][\/vc_row]<\/p>\n<\/div>","protected":false},"excerpt":{"rendered":"<p>[vc_row full_width=\u00a0\u00bbstretch_row_content\u00a0\u00bb equal_height=\u00a0\u00bbyes\u00a0\u00bb css_animation=\u00a0\u00bbfadeIn\u00a0\u00bb et_uniqid=\u00a0\u00bbet_custom_uniqid_5ea344e21f01d\u00a0\u00bb _et_uniqid=\u00a0\u00bbet_custom_uniqid_new_670397c6c2d4c\u00a0\u00bb css=\u00a0\u00bb.vc_custom_1728288739690{background-image: url(https:\/\/unave.es\/wp-content\/uploads\/2024\/10\/banner-cerrajeria.webp?id=8537) !important;background-position: center !important;background-repeat: no-repeat !important;background-size: cover !important;}\u00a0\u00bb][vc_column][vc_empty_space height=\u00a0\u00bb200px\u00a0\u00bb][vc_row_inner][vc_column_inner offset=\u00a0\u00bbvc_hidden-sm vc_hidden-xs\u00a0\u00bb _et_uniqid=\u00a0\u00bbet_custom_uniqid_new_675af552a0069&Prime;][vc_column_text css_animation=\u00a0\u00bbfadeInUp\u00a0\u00bb&#8230;<\/p>\n","protected":false},"author":1,"featured_media":0,"parent":9079,"menu_order":0,"comment_status":"closed","ping_status":"closed","template":"","meta":{"_monsterinsights_skip_tracking":false,"_monsterinsights_sitenote_active":false,"_monsterinsights_sitenote_note":"","_monsterinsights_sitenote_category":0,"footnotes":""},"class_list":["post-9426","page","type-page","status-publish","hentry"],"yoast_head":"<!-- This site is optimized with the Yoast SEO plugin v26.8 - https:\/\/yoast.com\/product\/yoast-seo-wordpress\/ -->\n<title>Ferronnerie sur mesure | Projets personnalis\u00e9s | Unave<\/title>\n<meta name=\"description\" content=\"Ferronnerie sur mesure | Grilles \u00b7 Portes ext\u00e9rieures \u00b7 Escaliers \u00b7 Garde-corps | Conception, fabrication et installation | Qualit\u00e9 maximale\" \/>\n<meta name=\"robots\" content=\"index, follow, max-snippet:-1, max-image-preview:large, max-video-preview:-1\" \/>\n<link rel=\"canonical\" href=\"https:\/\/unave.es\/fr\/produits\/serrurerie-fer\/\" \/>\n<meta property=\"og:locale\" content=\"fr_FR\" \/>\n<meta property=\"og:type\" content=\"article\" \/>\n<meta property=\"og:title\" content=\"Ferronnerie sur mesure | Projets personnalis\u00e9s | Unave\" \/>\n<meta property=\"og:description\" content=\"Ferronnerie sur mesure | Grilles \u00b7 Portes ext\u00e9rieures \u00b7 Escaliers \u00b7 Garde-corps | Conception, fabrication et installation | Qualit\u00e9 maximale\" \/>\n<meta property=\"og:url\" content=\"https:\/\/unave.es\/fr\/produits\/serrurerie-fer\/\" \/>\n<meta property=\"og:site_name\" content=\"Unave\" \/>\n<meta property=\"article:modified_time\" content=\"2026-01-22T10:59:35+00:00\" \/>\n<meta name=\"twitter:card\" content=\"summary_large_image\" \/>\n<meta name=\"twitter:label1\" content=\"Dur\u00e9e de lecture estim\u00e9e\" \/>\n\t<meta name=\"twitter:data1\" content=\"3 minutes\" \/>\n<script type=\"application\/ld+json\" class=\"yoast-schema-graph\">{\"@context\":\"https:\/\/schema.org\",\"@graph\":[{\"@type\":\"WebPage\",\"@id\":\"https:\/\/unave.es\/fr\/produits\/serrurerie-fer\/\",\"url\":\"https:\/\/unave.es\/fr\/produits\/serrurerie-fer\/\",\"name\":\"Ferronnerie sur mesure | Projets personnalis\u00e9s | Unave\",\"isPartOf\":{\"@id\":\"https:\/\/unave.es\/fr\/#website\"},\"datePublished\":\"2024-08-27T12:50:20+00:00\",\"dateModified\":\"2026-01-22T10:59:35+00:00\",\"description\":\"Ferronnerie sur mesure | Grilles \u00b7 Portes ext\u00e9rieures \u00b7 Escaliers \u00b7 Garde-corps | Conception, fabrication et installation | Qualit\u00e9 maximale\",\"breadcrumb\":{\"@id\":\"https:\/\/unave.es\/fr\/produits\/serrurerie-fer\/#breadcrumb\"},\"inLanguage\":\"fr-FR\",\"potentialAction\":[{\"@type\":\"ReadAction\",\"target\":[\"https:\/\/unave.es\/fr\/produits\/serrurerie-fer\/\"]}]},{\"@type\":\"BreadcrumbList\",\"@id\":\"https:\/\/unave.es\/fr\/produits\/serrurerie-fer\/#breadcrumb\",\"itemListElement\":[{\"@type\":\"ListItem\",\"position\":1,\"name\":\"Portada\",\"item\":\"https:\/\/unave.es\/fr\/\"},{\"@type\":\"ListItem\",\"position\":2,\"name\":\"Produits\",\"item\":\"https:\/\/unave.es\/fr\/produits\/\"},{\"@type\":\"ListItem\",\"position\":3,\"name\":\"Ferronnerie\"}]},{\"@type\":\"WebSite\",\"@id\":\"https:\/\/unave.es\/fr\/#website\",\"url\":\"https:\/\/unave.es\/fr\/\",\"name\":\"Unave\",\"description\":\"\",\"potentialAction\":[{\"@type\":\"SearchAction\",\"target\":{\"@type\":\"EntryPoint\",\"urlTemplate\":\"https:\/\/unave.es\/fr\/?s={search_term_string}\"},\"query-input\":{\"@type\":\"PropertyValueSpecification\",\"valueRequired\":true,\"valueName\":\"search_term_string\"}}],\"inLanguage\":\"fr-FR\"}]}<\/script>\n<!-- \/ Yoast SEO plugin. -->","yoast_head_json":{"title":"Ferronnerie sur mesure | Projets personnalis\u00e9s | Unave","description":"Ferronnerie sur mesure | Grilles \u00b7 Portes ext\u00e9rieures \u00b7 Escaliers \u00b7 Garde-corps | Conception, fabrication et installation | Qualit\u00e9 maximale","robots":{"index":"index","follow":"follow","max-snippet":"max-snippet:-1","max-image-preview":"max-image-preview:large","max-video-preview":"max-video-preview:-1"},"canonical":"https:\/\/unave.es\/fr\/produits\/serrurerie-fer\/","og_locale":"fr_FR","og_type":"article","og_title":"Ferronnerie sur mesure | Projets personnalis\u00e9s | Unave","og_description":"Ferronnerie sur mesure | Grilles \u00b7 Portes ext\u00e9rieures \u00b7 Escaliers \u00b7 Garde-corps | Conception, fabrication et installation | Qualit\u00e9 maximale","og_url":"https:\/\/unave.es\/fr\/produits\/serrurerie-fer\/","og_site_name":"Unave","article_modified_time":"2026-01-22T10:59:35+00:00","twitter_card":"summary_large_image","twitter_misc":{"Dur\u00e9e de lecture estim\u00e9e":"3 minutes"},"schema":{"@context":"https:\/\/schema.org","@graph":[{"@type":"WebPage","@id":"https:\/\/unave.es\/fr\/produits\/serrurerie-fer\/","url":"https:\/\/unave.es\/fr\/produits\/serrurerie-fer\/","name":"Ferronnerie sur mesure | Projets personnalis\u00e9s | Unave","isPartOf":{"@id":"https:\/\/unave.es\/fr\/#website"},"datePublished":"2024-08-27T12:50:20+00:00","dateModified":"2026-01-22T10:59:35+00:00","description":"Ferronnerie sur mesure | Grilles \u00b7 Portes ext\u00e9rieures \u00b7 Escaliers \u00b7 Garde-corps | Conception, fabrication et installation | Qualit\u00e9 maximale","breadcrumb":{"@id":"https:\/\/unave.es\/fr\/produits\/serrurerie-fer\/#breadcrumb"},"inLanguage":"fr-FR","potentialAction":[{"@type":"ReadAction","target":["https:\/\/unave.es\/fr\/produits\/serrurerie-fer\/"]}]},{"@type":"BreadcrumbList","@id":"https:\/\/unave.es\/fr\/produits\/serrurerie-fer\/#breadcrumb","itemListElement":[{"@type":"ListItem","position":1,"name":"Portada","item":"https:\/\/unave.es\/fr\/"},{"@type":"ListItem","position":2,"name":"Produits","item":"https:\/\/unave.es\/fr\/produits\/"},{"@type":"ListItem","position":3,"name":"Ferronnerie"}]},{"@type":"WebSite","@id":"https:\/\/unave.es\/fr\/#website","url":"https:\/\/unave.es\/fr\/","name":"Unave","description":"","potentialAction":[{"@type":"SearchAction","target":{"@type":"EntryPoint","urlTemplate":"https:\/\/unave.es\/fr\/?s={search_term_string}"},"query-input":{"@type":"PropertyValueSpecification","valueRequired":true,"valueName":"search_term_string"}}],"inLanguage":"fr-FR"}]}},"_links":{"self":[{"href":"https:\/\/unave.es\/fr\/wp-json\/wp\/v2\/pages\/9426","targetHints":{"allow":["GET"]}}],"collection":[{"href":"https:\/\/unave.es\/fr\/wp-json\/wp\/v2\/pages"}],"about":[{"href":"https:\/\/unave.es\/fr\/wp-json\/wp\/v2\/types\/page"}],"author":[{"embeddable":true,"href":"https:\/\/unave.es\/fr\/wp-json\/wp\/v2\/users\/1"}],"replies":[{"embeddable":true,"href":"https:\/\/unave.es\/fr\/wp-json\/wp\/v2\/comments?post=9426"}],"version-history":[{"count":3,"href":"https:\/\/unave.es\/fr\/wp-json\/wp\/v2\/pages\/9426\/revisions"}],"predecessor-version":[{"id":9442,"href":"https:\/\/unave.es\/fr\/wp-json\/wp\/v2\/pages\/9426\/revisions\/9442"}],"up":[{"embeddable":true,"href":"https:\/\/unave.es\/fr\/wp-json\/wp\/v2\/pages\/9079"}],"wp:attachment":[{"href":"https:\/\/unave.es\/fr\/wp-json\/wp\/v2\/media?parent=9426"}],"curies":[{"name":"wp","href":"https:\/\/api.w.org\/{rel}","templated":true}]}}