{"id":9079,"date":"2024-08-26T13:30:02","date_gmt":"2024-08-26T11:30:02","guid":{"rendered":"https:\/\/unave.es\/produits\/"},"modified":"2026-04-29T16:58:41","modified_gmt":"2026-04-29T14:58:41","slug":"produits","status":"publish","type":"page","link":"https:\/\/unave.es\/fr\/produits\/","title":{"rendered":"Produits"},"content":{"rendered":"<div class=\"wpb-content-wrapper\"><p>[vc_row][vc_column][vc_empty_space height=\u00a0\u00bb50px\u00a0\u00bb][\/vc_column][\/vc_row][vc_row css_animation=\u00a0\u00bbfadeIn\u00a0\u00bb et_uniqid=\u00a0\u00bbet_custom_uniqid_5ea316003328e\u00a0\u00bb css=\u00a0\u00bb.vc_custom_1631169224472{margin-top: 8px !important;margin-bottom: 60px !important;}\u00a0\u00bb _et_uniqid=\u00a0\u00bbet_custom_uniqid_new_6139aac3b6d6f\u00a0\u00bb][vc_column][vc_custom_heading text=\u00a0\u00bbNos produits\u00a0\u00bb font_container=\u00a0\u00bbtag:h1|text_align:center|color:%23000000&Prime; google_fonts=\u00a0\u00bbfont_family:Montserrat%3Aregular%2C700|font_style:700%20bold%20regular%3A700%3Anormal\u00a0\u00bb css_animation=\u00a0\u00bbfadeInUp\u00a0\u00bb css=\u00a0\u00bb.vc_custom_1725540959401{margin-bottom: 40px !important;}\u00a0\u00bb el_class=\u00a0\u00bbno-uppercase h1-title\u00a0\u00bb]\t\t\t<div class=\"swiper-entry et-custom-carousel\">\n\n\t\t\t\t<div class=\"swiper-container  slider-with-space slider-8774\" data-breakpoints=\"1\" data-centeredSlides=\"1\" data-xs-slides=\"1\" data-sm-slides=\"3\" data-md-slides=\"3\" data-lt-slides=\"4\" data-slides-per-view=\"4\" data-autoplay=\"3000\" data-slides-per-group=\"1\" data-speed=\"300\" data-space=\"30\" data-loop=\"true\">\n\n\t\t\t\t\t<div class=\"swiper-wrapper\">\n\t\t\t\t\t\t<div class=\"swiper-slide\">        <link rel=\"stylesheet\" href=\"https:\/\/unave.es\/wp-content\/themes\/xstore\/css\/modules\/banners\/banner.min.css\" type=\"text\/css\" media=\"all\" \/> \t\t        <link rel=\"stylesheet\" href=\"https:\/\/unave.es\/wp-content\/themes\/xstore\/css\/modules\/banners\/banners-global.min.css\" type=\"text\/css\" media=\"all\" \/> \t\t        <div id=\"banner-9964\" class=\"banner  cursor-pointer banner-type-2 et_image-with-hover et_image-hover-2 text-effect-1 text-center responsive-fonts valign-middle font-style-dark\" onclick=\"window.location='https:\/\/unave.es\/fr\/produits\/fenetres-sur-mesure\/'\">\n\n\t\t\t\n\t\t\t\t<img loading=\"lazy\" decoding=\"async\" width=\"217\" height=\"279\" src=\"https:\/\/unave.es\/wp-content\/uploads\/xstore\/xstore-placeholder.png\" data-src=\"https:\/\/unave.es\/wp-content\/uploads\/2024\/10\/productos-ventanas-1.webp\" class=\" lazyload lazyload-simple et-lazyload-fadeIn\" alt=\"productos-ventanas\" src=\"https:\/\/unave.es\/wp-content\/uploads\/xstore\/xstore-placeholder.png\" data-srcset=\"https:\/\/unave.es\/wp-content\/uploads\/2024\/10\/productos-ventanas-1.webp 217w, https:\/\/unave.es\/wp-content\/uploads\/2024\/10\/productos-ventanas-1-1x1.webp 1w, https:\/\/unave.es\/wp-content\/uploads\/2024\/10\/productos-ventanas-1-8x10.webp 8w\" data-sizes=\"(max-width: 217px) 100vw, 217px\" \/>                <div class=\"banner-content \">\n\n\t\t\t\t\t<p style=\"color: #ffffff;font-family:Montserrat;font-weight:700;font-style:normal\" class=\"vc_custom_heading vc_do_custom_heading banner-title\" >Fen\u00eatres<\/p>                    <div class=\"content-inner\">\n\n\t\t\t\t\t\t\n                    <\/div>\n\t\t\t\t\t        <\/div>\n\n\t\t        <\/div>\n\n\t\t<\/div><div class=\"swiper-slide\">        <link rel=\"stylesheet\" href=\"https:\/\/unave.es\/wp-content\/themes\/xstore\/css\/modules\/banners\/banner.min.css\" type=\"text\/css\" media=\"all\" \/> \t\t        <link rel=\"stylesheet\" href=\"https:\/\/unave.es\/wp-content\/themes\/xstore\/css\/modules\/banners\/banners-global.min.css\" type=\"text\/css\" media=\"all\" \/> \t\t        <div id=\"banner-9254\" class=\"banner  cursor-pointer banner-type-2 et_image-with-hover et_image-hover-2 text-effect-1 text-center responsive-fonts valign-middle font-style-dark\" onclick=\"window.location='https:\/\/unave.es\/fr\/produits\/portes-d-entree-maison\/'\">\n\n\t\t\t\n\t\t\t\t<img loading=\"lazy\" decoding=\"async\" width=\"217\" height=\"279\" src=\"https:\/\/unave.es\/wp-content\/uploads\/xstore\/xstore-placeholder.png\" data-src=\"https:\/\/unave.es\/wp-content\/uploads\/2024\/10\/productos-puertas-de-entrada.webp\" class=\" lazyload lazyload-simple et-lazyload-fadeIn\" alt=\"productos-puertas-de-entrada\" src=\"https:\/\/unave.es\/wp-content\/uploads\/xstore\/xstore-placeholder.png\" data-srcset=\"https:\/\/unave.es\/wp-content\/uploads\/2024\/10\/productos-puertas-de-entrada.webp 217w, https:\/\/unave.es\/wp-content\/uploads\/2024\/10\/productos-puertas-de-entrada-1x1.webp 1w, https:\/\/unave.es\/wp-content\/uploads\/2024\/10\/productos-puertas-de-entrada-8x10.webp 8w\" data-sizes=\"(max-width: 217px) 100vw, 217px\" \/>                <div class=\"banner-content \">\n\n\t\t\t\t\t<p style=\"color: #ffffff;font-family:Montserrat;font-weight:700;font-style:normal\" class=\"vc_custom_heading vc_do_custom_heading banner-title\" >Portes d\u2019entr\u00e9e<\/p>                    <div class=\"content-inner\">\n\n\t\t\t\t\t\t\n                    <\/div>\n\t\t\t\t\t        <\/div>\n\n\t\t        <\/div>\n\n\t\t<\/div><div class=\"swiper-slide\">        <link rel=\"stylesheet\" href=\"https:\/\/unave.es\/wp-content\/themes\/xstore\/css\/modules\/banners\/banner.min.css\" type=\"text\/css\" media=\"all\" \/> \t\t        <link rel=\"stylesheet\" href=\"https:\/\/unave.es\/wp-content\/themes\/xstore\/css\/modules\/banners\/banners-global.min.css\" type=\"text\/css\" media=\"all\" \/> \t\t        <div id=\"banner-7621\" class=\"banner  cursor-pointer banner-type-2 et_image-with-hover et_image-hover-2 text-effect-1 text-center responsive-fonts valign-middle font-style-dark\" onclick=\"window.location='https:\/\/unave.es\/fr\/produits\/portes-de-garage-motorisees\/'\">\n\n\t\t\t\n\t\t\t\t<img loading=\"lazy\" decoding=\"async\" width=\"217\" height=\"279\" src=\"https:\/\/unave.es\/wp-content\/uploads\/xstore\/xstore-placeholder.png\" data-src=\"https:\/\/unave.es\/wp-content\/uploads\/2024\/10\/productos-puertas-de-garage.webp\" class=\" lazyload lazyload-simple et-lazyload-fadeIn\" alt=\"productos puertas de garage\" src=\"https:\/\/unave.es\/wp-content\/uploads\/xstore\/xstore-placeholder.png\" data-srcset=\"https:\/\/unave.es\/wp-content\/uploads\/2024\/10\/productos-puertas-de-garage.webp 217w, https:\/\/unave.es\/wp-content\/uploads\/2024\/10\/productos-puertas-de-garage-1x1.webp 1w, https:\/\/unave.es\/wp-content\/uploads\/2024\/10\/productos-puertas-de-garage-8x10.webp 8w\" data-sizes=\"(max-width: 217px) 100vw, 217px\" \/>                <div class=\"banner-content \">\n\n\t\t\t\t\t<p style=\"color: #ffffff;font-family:Montserrat;font-weight:700;font-style:normal\" class=\"vc_custom_heading vc_do_custom_heading banner-title\" >Portes de garage<\/p>                    <div class=\"content-inner\">\n\n\t\t\t\t\t\t\n                    <\/div>\n\t\t\t\t\t        <\/div>\n\n\t\t        <\/div>\n\n\t\t<\/div><div class=\"swiper-slide\">        <link rel=\"stylesheet\" href=\"https:\/\/unave.es\/wp-content\/themes\/xstore\/css\/modules\/banners\/banner.min.css\" type=\"text\/css\" media=\"all\" \/> \t\t        <link rel=\"stylesheet\" href=\"https:\/\/unave.es\/wp-content\/themes\/xstore\/css\/modules\/banners\/banners-global.min.css\" type=\"text\/css\" media=\"all\" \/> \t\t        <div id=\"banner-2854\" class=\"banner  cursor-pointer banner-type-2 et_image-with-hover et_image-hover-2 text-effect-1 text-center responsive-fonts valign-middle font-style-dark\" onclick=\"window.location='https:\/\/unave.es\/fr\/produits\/fermetures-pliantes\/'\">\n\n\t\t\t\n\t\t\t\t<img loading=\"lazy\" decoding=\"async\" width=\"217\" height=\"279\" src=\"https:\/\/unave.es\/wp-content\/uploads\/xstore\/xstore-placeholder.png\" data-src=\"https:\/\/unave.es\/wp-content\/uploads\/2024\/10\/productos-cerramientos.webp\" class=\" lazyload lazyload-simple et-lazyload-fadeIn\" alt=\"productos cerramientos\" src=\"https:\/\/unave.es\/wp-content\/uploads\/xstore\/xstore-placeholder.png\" data-srcset=\"https:\/\/unave.es\/wp-content\/uploads\/2024\/10\/productos-cerramientos.webp 217w, https:\/\/unave.es\/wp-content\/uploads\/2024\/10\/productos-cerramientos-1x1.webp 1w, https:\/\/unave.es\/wp-content\/uploads\/2024\/10\/productos-cerramientos-8x10.webp 8w\" data-sizes=\"(max-width: 217px) 100vw, 217px\" \/>                <div class=\"banner-content \">\n\n\t\t\t\t\t<p style=\"color: #ffffff;font-family:Montserrat;font-weight:700;font-style:normal\" class=\"vc_custom_heading vc_do_custom_heading banner-title\" >Fermetures<\/p>                    <div class=\"content-inner\">\n\n\t\t\t\t\t\t\n                    <\/div>\n\t\t\t\t\t        <\/div>\n\n\t\t        <\/div>\n\n\t\t<\/div><div class=\"swiper-slide\">        <link rel=\"stylesheet\" href=\"https:\/\/unave.es\/wp-content\/themes\/xstore\/css\/modules\/banners\/banner.min.css\" type=\"text\/css\" media=\"all\" \/> \t\t        <link rel=\"stylesheet\" href=\"https:\/\/unave.es\/wp-content\/themes\/xstore\/css\/modules\/banners\/banners-global.min.css\" type=\"text\/css\" media=\"all\" \/> \t\t        <div id=\"banner-9018\" class=\"banner  cursor-pointer banner-type-2 et_image-with-hover et_image-hover-2 text-effect-1 text-center responsive-fonts valign-middle font-style-dark\" onclick=\"window.location='https:\/\/unave.es\/fr\/produits\/revetement-facades-exterieures\/'\">\n\n\t\t\t\n\t\t\t\t<img loading=\"lazy\" decoding=\"async\" width=\"217\" height=\"279\" src=\"https:\/\/unave.es\/wp-content\/uploads\/xstore\/xstore-placeholder.png\" data-src=\"https:\/\/unave.es\/wp-content\/uploads\/2024\/10\/productos-fachadas.webp\" class=\" lazyload lazyload-simple et-lazyload-fadeIn\" alt=\"productos fachadas\" src=\"https:\/\/unave.es\/wp-content\/uploads\/xstore\/xstore-placeholder.png\" data-srcset=\"https:\/\/unave.es\/wp-content\/uploads\/2024\/10\/productos-fachadas.webp 217w, https:\/\/unave.es\/wp-content\/uploads\/2024\/10\/productos-fachadas-1x1.webp 1w, https:\/\/unave.es\/wp-content\/uploads\/2024\/10\/productos-fachadas-8x10.webp 8w\" data-sizes=\"(max-width: 217px) 100vw, 217px\" \/>                <div class=\"banner-content \">\n\n\t\t\t\t\t<p style=\"color: #ffffff;font-family:Montserrat;font-weight:700;font-style:normal\" class=\"vc_custom_heading vc_do_custom_heading banner-title\" >Fa\u00e7ades<\/p>                    <div class=\"content-inner\">\n\n\t\t\t\t\t\t\n                    <\/div>\n\t\t\t\t\t        <\/div>\n\n\t\t        <\/div>\n\n\t\t<\/div><div class=\"swiper-slide\">        <link rel=\"stylesheet\" href=\"https:\/\/unave.es\/wp-content\/themes\/xstore\/css\/modules\/banners\/banner.min.css\" type=\"text\/css\" media=\"all\" \/> \t\t        <link rel=\"stylesheet\" href=\"https:\/\/unave.es\/wp-content\/themes\/xstore\/css\/modules\/banners\/banners-global.min.css\" type=\"text\/css\" media=\"all\" \/> \t\t        <div id=\"banner-9173\" class=\"banner  cursor-pointer banner-type-2 et_image-with-hover et_image-hover-2 text-effect-1 text-center responsive-fonts valign-middle font-style-dark\" onclick=\"window.location='https:\/\/unave.es\/fr\/produits\/pergolas-bioclimatiques-sur-mesure\/'\">\n\n\t\t\t\n\t\t\t\t<img loading=\"lazy\" decoding=\"async\" width=\"217\" height=\"279\" src=\"https:\/\/unave.es\/wp-content\/uploads\/xstore\/xstore-placeholder.png\" data-src=\"https:\/\/unave.es\/wp-content\/uploads\/2024\/10\/productos-proteccion-solar.webp\" class=\" lazyload lazyload-simple et-lazyload-fadeIn\" alt=\"productos proteccion solar\" src=\"https:\/\/unave.es\/wp-content\/uploads\/xstore\/xstore-placeholder.png\" data-srcset=\"https:\/\/unave.es\/wp-content\/uploads\/2024\/10\/productos-proteccion-solar.webp 217w, https:\/\/unave.es\/wp-content\/uploads\/2024\/10\/productos-proteccion-solar-1x1.webp 1w, https:\/\/unave.es\/wp-content\/uploads\/2024\/10\/productos-proteccion-solar-8x10.webp 8w\" data-sizes=\"(max-width: 217px) 100vw, 217px\" \/>                <div class=\"banner-content \">\n\n\t\t\t\t\t<p style=\"color: #ffffff;font-family:Montserrat;font-weight:700;font-style:normal\" class=\"vc_custom_heading vc_do_custom_heading banner-title\" >Protection solaire<\/p>                    <div class=\"content-inner\">\n\n\t\t\t\t\t\t\n                    <\/div>\n\t\t\t\t\t        <\/div>\n\n\t\t        <\/div>\n\n\t\t<\/div><div class=\"swiper-slide\">        <link rel=\"stylesheet\" href=\"https:\/\/unave.es\/wp-content\/themes\/xstore\/css\/modules\/banners\/banner.min.css\" type=\"text\/css\" media=\"all\" \/> \t\t        <link rel=\"stylesheet\" href=\"https:\/\/unave.es\/wp-content\/themes\/xstore\/css\/modules\/banners\/banners-global.min.css\" type=\"text\/css\" media=\"all\" \/> \t\t        <div id=\"banner-4455\" class=\"banner  cursor-pointer banner-type-2 et_image-with-hover et_image-hover-2 text-effect-1 text-center responsive-fonts valign-middle font-style-dark\" onclick=\"window.location='https:\/\/unave.es\/fr\/produits\/serrurerie-fer\/'\">\n\n\t\t\t\n\t\t\t\t<img loading=\"lazy\" decoding=\"async\" width=\"217\" height=\"279\" src=\"https:\/\/unave.es\/wp-content\/uploads\/xstore\/xstore-placeholder.png\" data-src=\"https:\/\/unave.es\/wp-content\/uploads\/2024\/10\/productos-cerrajeria.webp\" class=\" lazyload lazyload-simple et-lazyload-fadeIn\" alt=\"productos cerrajeria\" src=\"https:\/\/unave.es\/wp-content\/uploads\/xstore\/xstore-placeholder.png\" data-srcset=\"https:\/\/unave.es\/wp-content\/uploads\/2024\/10\/productos-cerrajeria.webp 217w, https:\/\/unave.es\/wp-content\/uploads\/2024\/10\/productos-cerrajeria-1x1.webp 1w, https:\/\/unave.es\/wp-content\/uploads\/2024\/10\/productos-cerrajeria-8x10.webp 8w\" data-sizes=\"(max-width: 217px) 100vw, 217px\" \/>                <div class=\"banner-content \">\n\n\t\t\t\t\t<p style=\"color: #ffffff;font-family:Montserrat;font-weight:700;font-style:normal\" class=\"vc_custom_heading vc_do_custom_heading banner-title\" >M\u00e9tallerie<\/p>                    <div class=\"content-inner\">\n\n\t\t\t\t\t\t\n                    <\/div>\n\t\t\t\t\t        <\/div>\n\n\t\t        <\/div>\n\n\t\t<\/div>\t\t\t\t\t<\/div>\n\n\t\t\t\t\t\n\t\t\t\t<\/div>\n\n\t\t\t\t\n\t\t\t\t\t<div class=\"swiper-custom-left\"><\/div>\n\t\t\t\t\t<div class=\"swiper-custom-right\"><\/div>\n\n\t\t\t\t\t\t\t<\/div>\n\t\t\n\t\t[\/vc_column][\/vc_row][vc_row][vc_column][vc_empty_space height=\u00a0\u00bb50px\u00a0\u00bb][\/vc_column][\/vc_row][vc_row full_width=\u00a0\u00bbstretch_row_content\u00a0\u00bb _et_uniqid=\u00a0\u00bbet_custom_uniqid_new_66cc44da3a96f\u00a0\u00bb][vc_column width=\u00a0\u00bb1\/12&Prime;][\/vc_column][vc_column width=\u00a0\u00bb5\/12&Prime;][vc_single_image image=\u00a0\u00bb9082&Prime; img_size=\u00a0\u00bbfull\u00a0\u00bb alignment=\u00a0\u00bbcenter\u00a0\u00bb css_animation=\u00a0\u00bbfadeInUp\u00a0\u00bb css=\u00a0\u00bb\u00a0\u00bb][vc_custom_heading text=\u00a0\u00bbProfessionnalisme et qualit\u00e9\u00a0\u00bb font_container=\u00a0\u00bbtag:h2|text_align:left|color:%23000000&Prime; google_fonts=\u00a0\u00bbfont_family:Montserrat%3Aregular%2C700|font_style:700%20bold%20regular%3A700%3Anormal\u00a0\u00bb css=\u00a0\u00bb\u00a0\u00bb el_class=\u00a0\u00bbno-uppercase h2-title text-center-responsive-767px\u00a0\u00bb][vc_column_text css=\u00a0\u00bb.vc_custom_1724927627198{margin-bottom: 20px !important;}\u00a0\u00bb]<\/p>\n<p class=\"text-center-responsive-767px\" style=\"text-align: left;\"><span style=\"font-weight: 400;\">Nous nous distinguons par notre<\/span> <b>professionnalisme et notre fort engagement envers la qualit\u00e9<\/b><span style=\"font-weight: 400;\">. Notre \u00e9quipe hautement qualifi\u00e9e travaille sans rel\u00e2che pour<\/span> <b>s\u2019assurer que chaque produit respecte les normes les plus \u00e9lev\u00e9es<\/b><span style=\"font-weight: 400;\">. Nous proposons une grande vari\u00e9t\u00e9 de produits, adapt\u00e9s aux besoins sp\u00e9cifiques de chaque client, en garantissant toujours des mat\u00e9riaux de premi\u00e8re qualit\u00e9. Nous comprenons que<\/span> <b>chaque projet est unique<\/b><span style=\"font-weight: 400;\">, c\u2019est pourquoi nous nous effor\u00e7ons de fournir des solutions personnalis\u00e9es garantissant une satisfaction maximale.<\/span><\/p>\n<p>[\/vc_column_text][\/vc_column][vc_column width=\u00a0\u00bb5\/12&Prime;][vc_single_image image=\u00a0\u00bb9083&Prime; img_size=\u00a0\u00bbfull\u00a0\u00bb alignment=\u00a0\u00bbcenter\u00a0\u00bb css_animation=\u00a0\u00bbfadeInUp\u00a0\u00bb css=\u00a0\u00bb\u00a0\u00bb][vc_custom_heading text=\u00a0\u00bbConception et attention personnalis\u00e9e\u00a0\u00bb font_container=\u00a0\u00bbtag:h2|text_align:left|color:%23000000&Prime; google_fonts=\u00a0\u00bbfont_family:Montserrat%3Aregular%2C700|font_style:700%20bold%20regular%3A700%3Anormal\u00a0\u00bb css=\u00a0\u00bb\u00a0\u00bb el_class=\u00a0\u00bbno-uppercase h2-title text-center-responsive-767px\u00a0\u00bb][vc_column_text css=\u00a0\u00bb.vc_custom_1724927650918{margin-bottom: 20px !important;}\u00a0\u00bb]<\/p>\n<p class=\"text-center-responsive-767px\" style=\"text-align: left;\"><span style=\"font-weight: 400;\">La conception est notre marque de fabrique. Chaque produit Unave est soigneusement con\u00e7u pour \u00eatre \u00e0 la fois fonctionnel et esth\u00e9tiquement attrayant. Notre objectif est de vous fournir le<\/span> <b>produit parfait<\/b> qui correspond \u00e0 votre style et \u00e0 vos besoins.<\/p>\n<p>[\/vc_column_text][\/vc_column][vc_column width=\u00a0\u00bb1\/12&Prime;][\/vc_column][\/vc_row][vc_row][vc_column][vc_empty_space height=\u00a0\u00bb50px\u00a0\u00bb][\/vc_column][\/vc_row]<\/p>\n<\/div>","protected":false},"excerpt":{"rendered":"<p>[vc_row][vc_column][vc_empty_space height=\u00a0\u00bb50px\u00a0\u00bb][\/vc_column][\/vc_row][vc_row css_animation=\u00a0\u00bbfadeIn\u00a0\u00bb et_uniqid=\u00a0\u00bbet_custom_uniqid_5ea316003328e\u00a0\u00bb css=\u00a0\u00bb.vc_custom_1631169224472{margin-top: 8px !important;margin-bottom: 60px !important;}\u00a0\u00bb _et_uniqid=\u00a0\u00bbet_custom_uniqid_new_6139aac3b6d6f\u00a0\u00bb][vc_column][vc_custom_heading text=\u00a0\u00bbNos produits\u00a0\u00bb font_container=\u00a0\u00bbtag:h1|text_align:center|color:%23000000&Prime; google_fonts=\u00a0\u00bbfont_family:Montserrat%3Aregular%2C700|font_style:700%20bold%20regular%3A700%3Anormal\u00a0\u00bb css_animation=\u00a0\u00bbfadeInUp\u00a0\u00bb css=\u00a0\u00bb.vc_custom_1725540959401{margin-bottom: 40px !important;}\u00a0\u00bb el_class=\u00a0\u00bbno-uppercase h1-title\u00a0\u00bb][\/vc_column][\/vc_row][vc_row][vc_column][vc_empty_space&#8230;<\/p>\n","protected":false},"author":1,"featured_media":0,"parent":0,"menu_order":0,"comment_status":"closed","ping_status":"closed","template":"","meta":{"_monsterinsights_skip_tracking":false,"_monsterinsights_sitenote_active":false,"_monsterinsights_sitenote_note":"","_monsterinsights_sitenote_category":0,"footnotes":""},"class_list":["post-9079","page","type-page","status-publish","hentry"],"yoast_head":"<!-- This site is optimized with the Yoast SEO plugin v27.5 - https:\/\/yoast.com\/product\/yoast-seo-wordpress\/ -->\n<title>Notre Produits | Solutions d&#039;habitat sur mesure | Unave<\/title>\n<meta name=\"description\" content=\"D\u00e9couvrez nos produits pour fen\u00eatres, portes, v\u00e9randas et protections solaires. Des solutions de qualit\u00e9 qui allient design, fonctionnalit\u00e9 et style.\" \/>\n<meta name=\"robots\" content=\"index, follow, max-snippet:-1, max-image-preview:large, max-video-preview:-1\" \/>\n<link rel=\"canonical\" href=\"https:\/\/unave.es\/fr\/produits\/\" \/>\n<meta property=\"og:locale\" content=\"fr_FR\" \/>\n<meta property=\"og:type\" content=\"article\" \/>\n<meta property=\"og:title\" content=\"Notre Produits | Solutions d&#039;habitat sur mesure | Unave\" \/>\n<meta property=\"og:description\" content=\"D\u00e9couvrez nos produits pour fen\u00eatres, portes, v\u00e9randas et protections solaires. Des solutions de qualit\u00e9 qui allient design, fonctionnalit\u00e9 et style.\" \/>\n<meta property=\"og:url\" content=\"https:\/\/unave.es\/fr\/produits\/\" \/>\n<meta property=\"og:site_name\" content=\"Unave\" \/>\n<meta property=\"article:modified_time\" content=\"2026-04-29T14:58:41+00:00\" \/>\n<meta name=\"twitter:card\" content=\"summary_large_image\" \/>\n<meta name=\"twitter:label1\" content=\"Dur\u00e9e de lecture estim\u00e9e\" \/>\n\t<meta name=\"twitter:data1\" content=\"4 minutes\" \/>\n<script type=\"application\/ld+json\" class=\"yoast-schema-graph\">{\"@context\":\"https:\\\/\\\/schema.org\",\"@graph\":[{\"@type\":\"WebPage\",\"@id\":\"https:\\\/\\\/unave.es\\\/fr\\\/produits\\\/\",\"url\":\"https:\\\/\\\/unave.es\\\/fr\\\/produits\\\/\",\"name\":\"Notre Produits | Solutions d'habitat sur mesure | Unave\",\"isPartOf\":{\"@id\":\"https:\\\/\\\/unave.es\\\/fr\\\/#website\"},\"datePublished\":\"2024-08-26T11:30:02+00:00\",\"dateModified\":\"2026-04-29T14:58:41+00:00\",\"description\":\"D\u00e9couvrez nos produits pour fen\u00eatres, portes, v\u00e9randas et protections solaires. Des solutions de qualit\u00e9 qui allient design, fonctionnalit\u00e9 et style.\",\"breadcrumb\":{\"@id\":\"https:\\\/\\\/unave.es\\\/fr\\\/produits\\\/#breadcrumb\"},\"inLanguage\":\"fr-FR\",\"potentialAction\":[{\"@type\":\"ReadAction\",\"target\":[\"https:\\\/\\\/unave.es\\\/fr\\\/produits\\\/\"]}]},{\"@type\":\"BreadcrumbList\",\"@id\":\"https:\\\/\\\/unave.es\\\/fr\\\/produits\\\/#breadcrumb\",\"itemListElement\":[{\"@type\":\"ListItem\",\"position\":1,\"name\":\"Portada\",\"item\":\"https:\\\/\\\/unave.es\\\/fr\\\/\"},{\"@type\":\"ListItem\",\"position\":2,\"name\":\"Produits\"}]},{\"@type\":\"WebSite\",\"@id\":\"https:\\\/\\\/unave.es\\\/fr\\\/#website\",\"url\":\"https:\\\/\\\/unave.es\\\/fr\\\/\",\"name\":\"Unave\",\"description\":\"\",\"potentialAction\":[{\"@type\":\"SearchAction\",\"target\":{\"@type\":\"EntryPoint\",\"urlTemplate\":\"https:\\\/\\\/unave.es\\\/fr\\\/?s={search_term_string}\"},\"query-input\":{\"@type\":\"PropertyValueSpecification\",\"valueRequired\":true,\"valueName\":\"search_term_string\"}}],\"inLanguage\":\"fr-FR\"}]}<\/script>\n<!-- \/ Yoast SEO plugin. -->","yoast_head_json":{"title":"Notre Produits | Solutions d'habitat sur mesure | Unave","description":"D\u00e9couvrez nos produits pour fen\u00eatres, portes, v\u00e9randas et protections solaires. Des solutions de qualit\u00e9 qui allient design, fonctionnalit\u00e9 et style.","robots":{"index":"index","follow":"follow","max-snippet":"max-snippet:-1","max-image-preview":"max-image-preview:large","max-video-preview":"max-video-preview:-1"},"canonical":"https:\/\/unave.es\/fr\/produits\/","og_locale":"fr_FR","og_type":"article","og_title":"Notre Produits | Solutions d'habitat sur mesure | Unave","og_description":"D\u00e9couvrez nos produits pour fen\u00eatres, portes, v\u00e9randas et protections solaires. Des solutions de qualit\u00e9 qui allient design, fonctionnalit\u00e9 et style.","og_url":"https:\/\/unave.es\/fr\/produits\/","og_site_name":"Unave","article_modified_time":"2026-04-29T14:58:41+00:00","twitter_card":"summary_large_image","twitter_misc":{"Dur\u00e9e de lecture estim\u00e9e":"4 minutes"},"schema":{"@context":"https:\/\/schema.org","@graph":[{"@type":"WebPage","@id":"https:\/\/unave.es\/fr\/produits\/","url":"https:\/\/unave.es\/fr\/produits\/","name":"Notre Produits | Solutions d'habitat sur mesure | Unave","isPartOf":{"@id":"https:\/\/unave.es\/fr\/#website"},"datePublished":"2024-08-26T11:30:02+00:00","dateModified":"2026-04-29T14:58:41+00:00","description":"D\u00e9couvrez nos produits pour fen\u00eatres, portes, v\u00e9randas et protections solaires. Des solutions de qualit\u00e9 qui allient design, fonctionnalit\u00e9 et style.","breadcrumb":{"@id":"https:\/\/unave.es\/fr\/produits\/#breadcrumb"},"inLanguage":"fr-FR","potentialAction":[{"@type":"ReadAction","target":["https:\/\/unave.es\/fr\/produits\/"]}]},{"@type":"BreadcrumbList","@id":"https:\/\/unave.es\/fr\/produits\/#breadcrumb","itemListElement":[{"@type":"ListItem","position":1,"name":"Portada","item":"https:\/\/unave.es\/fr\/"},{"@type":"ListItem","position":2,"name":"Produits"}]},{"@type":"WebSite","@id":"https:\/\/unave.es\/fr\/#website","url":"https:\/\/unave.es\/fr\/","name":"Unave","description":"","potentialAction":[{"@type":"SearchAction","target":{"@type":"EntryPoint","urlTemplate":"https:\/\/unave.es\/fr\/?s={search_term_string}"},"query-input":{"@type":"PropertyValueSpecification","valueRequired":true,"valueName":"search_term_string"}}],"inLanguage":"fr-FR"}]}},"_links":{"self":[{"href":"https:\/\/unave.es\/fr\/wp-json\/wp\/v2\/pages\/9079","targetHints":{"allow":["GET"]}}],"collection":[{"href":"https:\/\/unave.es\/fr\/wp-json\/wp\/v2\/pages"}],"about":[{"href":"https:\/\/unave.es\/fr\/wp-json\/wp\/v2\/types\/page"}],"author":[{"embeddable":true,"href":"https:\/\/unave.es\/fr\/wp-json\/wp\/v2\/users\/1"}],"replies":[{"embeddable":true,"href":"https:\/\/unave.es\/fr\/wp-json\/wp\/v2\/comments?post=9079"}],"version-history":[{"count":4,"href":"https:\/\/unave.es\/fr\/wp-json\/wp\/v2\/pages\/9079\/revisions"}],"predecessor-version":[{"id":9826,"href":"https:\/\/unave.es\/fr\/wp-json\/wp\/v2\/pages\/9079\/revisions\/9826"}],"wp:attachment":[{"href":"https:\/\/unave.es\/fr\/wp-json\/wp\/v2\/media?parent=9079"}],"curies":[{"name":"wp","href":"https:\/\/api.w.org\/{rel}","templated":true}]}}